{"id":18454,"date":"2023-09-21T12:41:01","date_gmt":"2023-09-21T10:41:01","guid":{"rendered":"https:\/\/florjancic.si\/informativa-sulla-privacy\/"},"modified":"2025-10-17T10:25:46","modified_gmt":"2025-10-17T08:25:46","slug":"informativa-sulla-privacy","status":"publish","type":"page","link":"https:\/\/florjancic.si\/it\/informativa-sulla-privacy\/","title":{"rendered":"Informativa sulla privacy"},"content":{"rendered":"\t\t<div data-elementor-type=\"wp-page\" data-elementor-id=\"18454\" class=\"elementor elementor-18454 elementor-3\" data-elementor-post-type=\"page\">\n\t\t\t\t<div class=\"elementor-element elementor-element-6aa36c74 e-flex e-con-boxed e-con e-parent\" data-id=\"6aa36c74\" data-element_type=\"container\">\n\t\t\t\t\t<div class=\"e-con-inner\">\n\t\t\t\t<div class=\"elementor-element elementor-element-1b08afdc elementor-widget elementor-widget-text-editor\" data-id=\"1b08afdc\" data-element_type=\"widget\" data-widget_type=\"text-editor.default\">\n\t\t\t\t<div class=\"elementor-widget-container\">\n\t\t\t\t\t\t\t\t\t<div id=\"hero-and-body\"><div id=\"page-body\"><div class=\"wrapper-medium\"><h4>1. Generale<\/h4><p>Il titolare del trattamento dei dati personali \u00e8 FLORJAN\u010cI\u010c TISK d.o.o., Perhav\u010deva ulica 44, 2000 Maribor.<br>Al fine di garantire un\u2019adeguata sicurezza dei dati personali degli individui trattati sul nostro sito web, abbiamo introdotto misure tecniche e organizzative per la protezione dei dati personali. <\/p><h4>2. Raccolta e utilizzo dei dati personali<\/h4><p>I dati personali sono tutte le informazioni che possono identificare una persona fisica. Tra i dati personali rientrano, ad esempio, il nome, l\u2019indirizzo e-mail, l\u2019indirizzo di residenza, l\u2019occupazione, la data di nascita e simili.<br>Florjan\u010di\u010d Tisk raccoglie sul sito web www.florjancic.si esclusivamente i dati personali che avete fornito volontariamente ed \u00e8 pertanto il titolare dei seguenti archivi di dati personali:  <\/p><p>\u2013 Registro delle persone che hanno compilato il modulo di contatto o ci hanno contattato via e-mail<\/p><p>I vostri dati personali vengono conservati, utilizzati o trasmessi solo in conformit\u00e0 al consenso dell\u2019interessato e\/o per l\u2019esecuzione di un servizio secondo l\u2019ordine o la richiesta del cliente. Salvo diversa disposizione di legge, avete la possibilit\u00e0 di consultare, modificare o cancellare in qualsiasi momento i vostri dati personali trattati da noi. <\/p><p>Florjan\u010di\u010d Tisk non trasmette i vostri dati ad altre aziende o persone, salvo in casi eccezionali e in misura limitata. Si tratta, ad esempio, dei manutentori del sito web, con i quali l\u2019azienda ha stipulato un contratto per il trattamento dei dati personali che obbliga tali sub-responsabili ad adottare misure tecniche e organizzative per la protezione dei dati.<br>I dati personali non vengono trasferiti a paesi terzi e l\u2019azienda garantisce che i vostri dati non saranno venduti n\u00e9 concessi in affitto a terzi. Tuttavia, ci riserviamo il diritto di divulgare i vostri dati qualora ci\u00f2 sia richiesto dalla legge o in risposta a richieste esecutive delle autorit\u00e0 governative.   <\/p><h5>2.1 Registro delle persone che compilano il modulo di contatto<\/h5><p><strong>Base giuridica<\/strong><\/p><p>Nel caso in cui compiliate il modulo di contatto sul nostro sito web www.florjancic.si o ci inviate un\u2019e-mail, raccoglieremo e tratteremo i vostri dati sulla base del vostro legittimo interesse, che costituisce anche la nostra base giuridica per il trattamento dei dati personali in questo caso. Fornire una risposta alla vostra domanda o soddisfare la vostra richiesta \u00e8 l\u2019unico scopo per cui raccogliamo i dati personali in questo registro. I dati raccolti in questo registro sono: nome e cognome, e-mail e il vostro messaggio.  <\/p><p><strong>Durata della conservazione<\/strong><\/p><p>I vostri dati contenuti in questo registro saranno conservati solo per il tempo necessario a raggiungere lo scopo del trattamento, e comunque per un periodo massimo di 6 mesi. Trascorso tale periodo, i dati saranno definitivamente cancellati o distrutti. <\/p><h5> <\/h5><h5>2.2 Diritti degli interessati<\/h5><p>L\u2019interessato pu\u00f2 esercitare determinati diritti relativi ai dati personali da noi trattati. La richiesta per l\u2019esercizio di tali diritti deve essere inviata all\u2019indirizzo e-mail: info@florjancic.si. <\/p><p>Diritto di accesso \u2013 su richiesta dell\u2019interessato, lo informiamo se i suoi dati personali sono oggetto di trattamento e, in tal caso, forniamo informazioni sulle categorie di dati personali trattati, sui diritti che gli spettano e su altre informazioni che potrebbero essere di suo interesse.<\/p><p>Diritto di rettifica \u2013 l\u2019interessato che constati che i dati da lui forniti e da noi trattati sono inesatti pu\u00f2 richiederne la correzione.<\/p><p>Diritto alla limitazione del trattamento \u2013 l\u2019interessato pu\u00f2, in caso di trattamento dei dati basato su un interesse legittimo, richiedere che il trattamento dei dati che lo riguardano sia limitato, qualora ritenga che il trattamento sia illecito ma non desideri che i dati vengano cancellati, oppure abbia presentato una richiesta di rettifica dei dati.<\/p><p>Diritto alla portabilit\u00e0 dei dati \u2013 l\u2019interessato pu\u00f2, in caso di trattamento basato sul consenso o su un contratto, richiedere l\u2019estrazione dei dati che ha fornito all\u2019azienda e di quelli generati attraverso gli acquisti effettuati tramite il negozio online. L\u2019azienda preparer\u00e0 i dati in un formato leggibile e li fornir\u00e0 all\u2019interessato. <\/p><p>Diritto alla cancellazione \u2013 nel caso in cui i dati siano stati raccolti sulla base del consenso, l\u2019interessato pu\u00f2 richiedere la cancellazione dei propri dati dal registro.<\/p><h5> <\/h5><h5>2.3 Cookie<\/h5><p>Questo sito web utilizza i cookie.<\/p><h5> <\/h5><h5>2.4 Dati di contatto<\/h5><p>Tutte le informazioni relative al trattamento dei dati personali possono essere richieste all\u2019indirizzo e-mail: info@florjancic.si.<\/p><h5> <\/h5><h5>2.5 Validit\u00e0 dell\u2019informativa<\/h5><p>Le singole parti della presente informativa sulla protezione dei dati possono essere modificate o aggiornate in qualsiasi momento e senza preavviso. Vi invitiamo a leggere periodicamente l\u2019informativa per rimanere informati su eventuali modifiche o aggiornamenti. <\/p><p>La presente informativa \u00e8 pubblicata su www.florjancic.si ed \u00e8 stata aggiornata l\u2019ultima volta il 7 ottobre 2025.<\/p><\/div><\/div><\/div>\t\t\t\t\t\t\t\t<\/div>\n\t\t\t\t<\/div>\n\t\t\t\t\t<\/div>\n\t\t\t\t<\/div>\n\t\t\t\t<\/div>\n\t\t","protected":false},"excerpt":{"rendered":"<p>Informativa sulla privacy<\/p>\n","protected":false},"author":1,"featured_media":0,"parent":0,"menu_order":0,"comment_status":"closed","ping_status":"open","template":"","meta":{"_acf_changed":false,"footnotes":""},"class_list":["post-18454","page","type-page","status-publish","hentry"],"acf":[],"_links":{"self":[{"href":"https:\/\/florjancic.si\/it\/wp-json\/wp\/v2\/pages\/18454","targetHints":{"allow":["GET"]}}],"collection":[{"href":"https:\/\/florjancic.si\/it\/wp-json\/wp\/v2\/pages"}],"about":[{"href":"https:\/\/florjancic.si\/it\/wp-json\/wp\/v2\/types\/page"}],"author":[{"embeddable":true,"href":"https:\/\/florjancic.si\/it\/wp-json\/wp\/v2\/users\/1"}],"replies":[{"embeddable":true,"href":"https:\/\/florjancic.si\/it\/wp-json\/wp\/v2\/comments?post=18454"}],"version-history":[{"count":3,"href":"https:\/\/florjancic.si\/it\/wp-json\/wp\/v2\/pages\/18454\/revisions"}],"predecessor-version":[{"id":18457,"href":"https:\/\/florjancic.si\/it\/wp-json\/wp\/v2\/pages\/18454\/revisions\/18457"}],"wp:attachment":[{"href":"https:\/\/florjancic.si\/it\/wp-json\/wp\/v2\/media?parent=18454"}],"curies":[{"name":"wp","href":"https:\/\/api.w.org\/{rel}","templated":true}]}}