{"id":18297,"date":"2023-09-21T12:41:01","date_gmt":"2023-09-21T10:41:01","guid":{"rendered":"https:\/\/florjancic.si\/politique-de-confidentialite\/"},"modified":"2025-10-16T11:20:46","modified_gmt":"2025-10-16T09:20:46","slug":"politique-de-confidentialite","status":"publish","type":"page","link":"https:\/\/florjancic.si\/fr\/politique-de-confidentialite\/","title":{"rendered":"Politique de confidentialit\u00e9"},"content":{"rendered":"\t\t<div data-elementor-type=\"wp-page\" data-elementor-id=\"18297\" class=\"elementor elementor-18297 elementor-3\" data-elementor-post-type=\"page\">\n\t\t\t\t<div class=\"elementor-element elementor-element-6aa36c74 e-flex e-con-boxed e-con e-parent\" data-id=\"6aa36c74\" data-element_type=\"container\">\n\t\t\t\t\t<div class=\"e-con-inner\">\n\t\t\t\t<div class=\"elementor-element elementor-element-1b08afdc elementor-widget elementor-widget-text-editor\" data-id=\"1b08afdc\" data-element_type=\"widget\" data-widget_type=\"text-editor.default\">\n\t\t\t\t<div class=\"elementor-widget-container\">\n\t\t\t\t\t\t\t\t\t<div id=\"hero-and-body\"><div id=\"page-body\"><div class=\"wrapper-medium\"><h4>1. Dispositions g\u00e9n\u00e9rales<\/h4><p>Le responsable du traitement des donn\u00e9es personnelles est FLORJAN\u010cI\u010c TISK d.o.o., Perhav\u010deva ulica 44, 2000 Maribor. Conform\u00e9ment \u00e0 notre engagement \u00e0 assurer une s\u00e9curit\u00e9 ad\u00e9quate des donn\u00e9es personnelles des individus trait\u00e9es sur notre site web, nous avons mis en place des mesures techniques et organisationnelles visant \u00e0 prot\u00e9ger ces donn\u00e9es. <\/p><h4>2. Collecte et utilisation des donn\u00e9es personnelles<\/h4><p>Les donn\u00e9es personnelles d\u00e9signent toute information permettant d\u2019identifier une personne physique. Parmi ces donn\u00e9es figurent, par exemple, votre nom, votre adresse \u00e9lectronique, votre adresse de r\u00e9sidence, votre emploi, votre date de naissance, etc. Florjan\u010di\u010d Tisk ne collecte sur le site www.florjancic.si que les donn\u00e9es personnelles que vous avez vous-m\u00eame fournies. L\u2019entreprise est ainsi responsable des traitements suivants de donn\u00e9es personnelles :  <\/p><p>\u2013 Registre des personnes ayant rempli le formulaire de contact ou nous ayant contact\u00e9s par e-mail<\/p><p>Vos donn\u00e9es personnelles sont conserv\u00e9es, utilis\u00e9es ou transf\u00e9r\u00e9es uniquement avec le consentement de la personne concern\u00e9e et\/ou pour l\u2019ex\u00e9cution d\u2019un service conform\u00e9ment \u00e0 la commande ou \u00e0 la demande du client. Sauf disposition contraire pr\u00e9vue par la loi, vous avez la possibilit\u00e9 de consulter, de modifier ou de supprimer \u00e0 tout moment les donn\u00e9es vous concernant que nous traitons. <\/p><p>Florjan\u010di\u010d Tisk ne communique pas vos donn\u00e9es \u00e0 d\u2019autres entreprises ou personnes, sauf dans des cas exceptionnels et dans une mesure limit\u00e9e. Il peut s\u2019agir, par exemple, des prestataires charg\u00e9s de la maintenance du site web, avec lesquels l\u2019entreprise a conclu un contrat de traitement des donn\u00e9es personnelles obligeant ces sous-traitants \u00e0 mettre en \u0153uvre des mesures techniques et organisationnelles pour assurer la protection des donn\u00e9es. Les donn\u00e9es personnelles ne sont pas transf\u00e9r\u00e9es vers des pays tiers, et l\u2019entreprise garantit qu\u2019elles ne seront ni vendues ni lou\u00e9es \u00e0 des tiers. Toutefois, nous nous r\u00e9servons le droit de divulguer vos donn\u00e9es si la loi l\u2019exige ou en r\u00e9ponse \u00e0 une demande ex\u00e9cutoire des autorit\u00e9s publiques.   <\/p><h5>2.1 Registre des personnes ayant rempli le formulaire de contact<\/h5><p><strong>Base juridique<\/strong><\/p><p>Si vous remplissez le formulaire de contact sur notre site web www.florjancic.si ou si vous nous envoyez un e-mail, nous collecterons et traiterons vos donn\u00e9es sur la base de notre int\u00e9r\u00eat l\u00e9gitime, qui constitue \u00e9galement la base juridique du traitement des donn\u00e9es personnelles dans ce cas. La r\u00e9ponse \u00e0 votre question ou la satisfaction de votre demande est le seul objectif pour lequel nous collectons les donn\u00e9es personnelles dans ce registre. Les donn\u00e9es collect\u00e9es dans ce cadre sont le nom et le pr\u00e9nom, l\u2019adresse e-mail et votre message.  <\/p><p><strong>Dur\u00e9e de conservation<\/strong><\/p><p>Vos donn\u00e9es issues de ce registre seront conserv\u00e9es uniquement pendant la p\u00e9riode n\u00e9cessaire \u00e0 la r\u00e9alisation de la finalit\u00e9 du traitement, ou pour une dur\u00e9e maximale de six mois. Pass\u00e9 ce d\u00e9lai, les donn\u00e9es seront d\u00e9finitivement supprim\u00e9es ou d\u00e9truites. <\/p><h5> <\/h5><h5>2.2 Droits des personnes concern\u00e9es<\/h5><p>Toute personne concern\u00e9e peut exercer certains droits relatifs aux donn\u00e9es personnelles que nous traitons. La demande d\u2019exercice de ces droits doit \u00eatre envoy\u00e9e \u00e0 l\u2019adresse \u00e9lectronique suivante : info@florjancic.si. <\/p><p>Droit d\u2019acc\u00e8s \u2013 \u00e0 la demande de la personne concern\u00e9e, nous l\u2019informons si des donn\u00e9es personnelles la concernant sont trait\u00e9es et, le cas \u00e9ch\u00e9ant, nous lui communiquons des informations sur les cat\u00e9gories de donn\u00e9es personnelles trait\u00e9es, les droits dont elle dispose, ainsi que d\u2019autres informations susceptibles de l\u2019int\u00e9resser.<\/p><p>Droit de rectification \u2013 la personne concern\u00e9e qui constate que les donn\u00e9es qu\u2019elle nous a fournies et que nous traitons sont inexactes peut demander la rectification de ces donn\u00e9es.<\/p><p>Droit \u00e0 la limitation du traitement \u2013 la personne concern\u00e9e peut, dans le cas d\u2019un traitement fond\u00e9 sur un int\u00e9r\u00eat l\u00e9gitime, demander que le traitement des donn\u00e9es la concernant soit limit\u00e9. Cela s\u2019applique notamment lorsqu\u2019elle estime que le traitement est ill\u00e9gal mais ne souhaite pas que les donn\u00e9es soient supprim\u00e9es, ou lorsqu\u2019elle a introduit une demande de rectification des donn\u00e9es.<\/p><p>Droit \u00e0 la portabilit\u00e9 des donn\u00e9es \u2013 dans le cas d\u2019un traitement fond\u00e9 sur le consentement ou sur un contrat, la personne concern\u00e9e peut demander une copie des donn\u00e9es qu\u2019elle a fournies \u00e0 l\u2019entreprise, ainsi que de celles g\u00e9n\u00e9r\u00e9es lors de ses achats effectu\u00e9s via la boutique en ligne. L\u2019entreprise pr\u00e9parera ces donn\u00e9es sous une forme lisible et les transmettra \u00e0 la personne concern\u00e9e. <\/p><p>Droit \u00e0 l\u2019effacement \u2013 lorsque les donn\u00e9es ont \u00e9t\u00e9 collect\u00e9es sur la base du consentement, la personne concern\u00e9e peut demander la suppression de ses donn\u00e9es du registre.<\/p><h5> <\/h5><h5>2.3 Cookies<\/h5><p>Ce site web utilise des cookies.<\/p><h5> <\/h5><h5>2.4 Coordonn\u00e9es<\/h5><p>Toutes les informations concernant le traitement des donn\u00e9es personnelles peuvent \u00eatre obtenues \u00e0 l\u2019adresse \u00e9lectronique suivante : info@florjancic.si.<\/p><h5> <\/h5><h5>2.5 Validit\u00e9 de la politique<\/h5><p>Certaines parties de la pr\u00e9sente d\u00e9claration de protection des donn\u00e9es peuvent \u00eatre modifi\u00e9es ou mises \u00e0 jour \u00e0 tout moment et sans pr\u00e9avis. Nous vous invitons \u00e0 consulter r\u00e9guli\u00e8rement cette politique afin de prendre connaissance des \u00e9ventuelles modifications ou mises \u00e0 jour. <\/p><p>La pr\u00e9sente politique est publi\u00e9e sur www.florjancic.si et a \u00e9t\u00e9 mise \u00e0 jour pour la derni\u00e8re fois le 7 octobre 2025.<\/p><\/div><\/div><\/div>\t\t\t\t\t\t\t\t<\/div>\n\t\t\t\t<\/div>\n\t\t\t\t\t<\/div>\n\t\t\t\t<\/div>\n\t\t\t\t<\/div>\n\t\t","protected":false},"excerpt":{"rendered":"<p>Politique de confidentialit\u00e9<\/p>\n","protected":false},"author":1,"featured_media":0,"parent":0,"menu_order":0,"comment_status":"closed","ping_status":"open","template":"","meta":{"_acf_changed":false,"footnotes":""},"class_list":["post-18297","page","type-page","status-publish","hentry"],"acf":[],"_links":{"self":[{"href":"https:\/\/florjancic.si\/fr\/wp-json\/wp\/v2\/pages\/18297","targetHints":{"allow":["GET"]}}],"collection":[{"href":"https:\/\/florjancic.si\/fr\/wp-json\/wp\/v2\/pages"}],"about":[{"href":"https:\/\/florjancic.si\/fr\/wp-json\/wp\/v2\/types\/page"}],"author":[{"embeddable":true,"href":"https:\/\/florjancic.si\/fr\/wp-json\/wp\/v2\/users\/1"}],"replies":[{"embeddable":true,"href":"https:\/\/florjancic.si\/fr\/wp-json\/wp\/v2\/comments?post=18297"}],"version-history":[{"count":1,"href":"https:\/\/florjancic.si\/fr\/wp-json\/wp\/v2\/pages\/18297\/revisions"}],"predecessor-version":[{"id":18298,"href":"https:\/\/florjancic.si\/fr\/wp-json\/wp\/v2\/pages\/18297\/revisions\/18298"}],"wp:attachment":[{"href":"https:\/\/florjancic.si\/fr\/wp-json\/wp\/v2\/media?parent=18297"}],"curies":[{"name":"wp","href":"https:\/\/api.w.org\/{rel}","templated":true}]}}