{"id":17879,"date":"2025-10-02T17:16:58","date_gmt":"2025-10-02T15:16:58","guid":{"rendered":"https:\/\/florjancic.wds.si\/haeufig-gestellte-fragen\/"},"modified":"2025-10-14T21:05:51","modified_gmt":"2025-10-14T19:05:51","slug":"haeufig-gestellte-fragen","status":"publish","type":"page","link":"https:\/\/florjancic.si\/de\/haeufig-gestellte-fragen\/","title":{"rendered":"H\u00e4ufig gestellte Fragen"},"content":{"rendered":"\t\t<div data-elementor-type=\"wp-page\" data-elementor-id=\"17879\" class=\"elementor elementor-17879 elementor-17143\" data-elementor-post-type=\"page\">\n\t\t\t\t<div class=\"elementor-element elementor-element-58c56ed e-con-full e-flex e-con e-parent\" data-id=\"58c56ed\" data-element_type=\"container\">\n\t\t<div class=\"elementor-element elementor-element-890fd54 e-con-full e-flex e-con e-child\" data-id=\"890fd54\" data-element_type=\"container\">\n\t\t\t\t<div class=\"vamtam-has-theme-widget-styles elementor-element elementor-element-72175f4 elementor-widget elementor-widget-heading\" data-id=\"72175f4\" data-element_type=\"widget\" data-widget_type=\"heading.default\">\n\t\t\t\t<div class=\"elementor-widget-container\">\n\t\t\t\t\t<h6 class=\"elementor-heading-title elementor-size-default\">Wir sind f\u00fcr Sie da<\/h6>\t\t\t\t<\/div>\n\t\t\t\t<\/div>\n\t\t\t\t<div class=\"vamtam-has-theme-widget-styles elementor-element elementor-element-711f7d1 elementor-widget elementor-widget-heading\" data-id=\"711f7d1\" data-element_type=\"widget\" data-widget_type=\"heading.default\">\n\t\t\t\t<div class=\"elementor-widget-container\">\n\t\t\t\t\t<h3 class=\"elementor-heading-title elementor-size-default\">Wir haben hier die h\u00e4ufigsten Fragen beantwortet. F\u00fcr eine individuelle Beratung steht Ihnen unser Team jederzeit gerne zur Verf\u00fcgung, \u2013 rufen Sie uns einfach an oder schicken Sie uns eine E-Mail.  <\/h3>\t\t\t\t<\/div>\n\t\t\t\t<\/div>\n\t\t\t\t<\/div>\n\t\t<div class=\"elementor-element elementor-element-07d2780 e-con-full e-flex e-con e-child\" data-id=\"07d2780\" data-element_type=\"container\">\n\t\t\t\t<div class=\"elementor-element elementor-element-32f5be8 elementor-widget elementor-widget-n-accordion\" data-id=\"32f5be8\" data-element_type=\"widget\" data-settings=\"{&quot;default_state&quot;:&quot;expanded&quot;,&quot;max_items_expended&quot;:&quot;one&quot;,&quot;n_accordion_animation_duration&quot;:{&quot;unit&quot;:&quot;ms&quot;,&quot;size&quot;:400,&quot;sizes&quot;:[]}}\" data-widget_type=\"nested-accordion.default\">\n\t\t\t\t<div class=\"elementor-widget-container\">\n\t\t\t\t\t\t\t<div class=\"e-n-accordion\" aria-label=\"Accordion. Open links with Enter or Space, close with Escape, and navigate with Arrow Keys\">\n\t\t\t\t\t\t<details id=\"e-n-accordion-item-5340\" class=\"e-n-accordion-item\" open>\n\t\t\t\t<summary class=\"e-n-accordion-item-title\" data-accordion-index=\"1\" tabindex=\"0\" aria-expanded=\"true\" aria-controls=\"e-n-accordion-item-5340\" >\n\t\t\t\t\t<span class='e-n-accordion-item-title-header'><div class=\"e-n-accordion-item-title-text\"> Wo befinden Sie sich? <\/div><\/span>\n\t\t\t\t\t\t\t<span class='e-n-accordion-item-title-icon'>\n\t\t\t<span class='e-opened' ><i aria-hidden=\"true\" class=\"vamtamtheme- vamtam-theme-minus\"><\/i><\/span>\n\t\t\t<span class='e-closed'><i aria-hidden=\"true\" class=\"vamtamtheme- vamtam-theme-plus\"><\/i><\/span>\n\t\t<\/span>\n\n\t\t\t\t\t\t<\/summary>\n\t\t\t\t<div role=\"region\" aria-labelledby=\"e-n-accordion-item-5340\" class=\"elementor-element elementor-element-984ab75 e-con-full e-flex e-con e-child\" data-id=\"984ab75\" data-element_type=\"container\">\n\t\t\t\t<div class=\"elementor-element elementor-element-0dab9be elementor-widget elementor-widget-text-editor\" data-id=\"0dab9be\" data-element_type=\"widget\" data-widget_type=\"text-editor.default\">\n\t\t\t\t<div class=\"elementor-widget-container\">\n\t\t\t\t\t\t\t\t\t<p>Unser Firmensitz liegt in Mitteleuropa, in Maribor, Slowenien, in der Perhav\u010deva-Stra\u00dfe 44, Industriegebiet Tezno. Nur 3 km von der Autobahnausfahrt und 260 km von Wien (\u00d6sterreich), 120 km von Zagreb (Kroatien) und 370 km von Venedig (Italien) entfernt. <\/p>\t\t\t\t\t\t\t\t<\/div>\n\t\t\t\t<\/div>\n\t\t\t\t<\/div>\n\t\t\t\t\t<\/details>\n\t\t\t\t\t\t<details id=\"e-n-accordion-item-5341\" class=\"e-n-accordion-item\" >\n\t\t\t\t<summary class=\"e-n-accordion-item-title\" data-accordion-index=\"2\" tabindex=\"-1\" aria-expanded=\"false\" aria-controls=\"e-n-accordion-item-5341\" >\n\t\t\t\t\t<span class='e-n-accordion-item-title-header'><div class=\"e-n-accordion-item-title-text\"> Welche Informationen ben\u00f6tigen Sie f\u00fcr ein Angebot? <\/div><\/span>\n\t\t\t\t\t\t\t<span class='e-n-accordion-item-title-icon'>\n\t\t\t<span class='e-opened' ><i aria-hidden=\"true\" class=\"vamtamtheme- vamtam-theme-minus\"><\/i><\/span>\n\t\t\t<span class='e-closed'><i aria-hidden=\"true\" class=\"vamtamtheme- vamtam-theme-plus\"><\/i><\/span>\n\t\t<\/span>\n\n\t\t\t\t\t\t<\/summary>\n\t\t\t\t<div role=\"region\" aria-labelledby=\"e-n-accordion-item-5341\" class=\"elementor-element elementor-element-330a0b3 e-con-full e-flex e-con e-child\" data-id=\"330a0b3\" data-element_type=\"container\">\n\t\t\t\t<div class=\"elementor-element elementor-element-e52a1b5 elementor-widget elementor-widget-text-editor\" data-id=\"e52a1b5\" data-element_type=\"widget\" data-widget_type=\"text-editor.default\">\n\t\t\t\t<div class=\"elementor-widget-container\">\n\t\t\t\t\t\t\t\t\t<p>Wir ben\u00f6tigen das Format, die Seitenzahl, die Auflage, die Materialien und die Bindungsart. Fehlt etwas? Keine Sorge, wir finden gemeinsam eine L\u00f6sung.  <\/p>\t\t\t\t\t\t\t\t<\/div>\n\t\t\t\t<\/div>\n\t\t\t\t<\/div>\n\t\t\t\t\t<\/details>\n\t\t\t\t\t\t<details id=\"e-n-accordion-item-5342\" class=\"e-n-accordion-item\" >\n\t\t\t\t<summary class=\"e-n-accordion-item-title\" data-accordion-index=\"3\" tabindex=\"-1\" aria-expanded=\"false\" aria-controls=\"e-n-accordion-item-5342\" >\n\t\t\t\t\t<span class='e-n-accordion-item-title-header'><div class=\"e-n-accordion-item-title-text\"> Wie muss ich meine Datei f\u00fcr den Druck vorbereiten? <\/div><\/span>\n\t\t\t\t\t\t\t<span class='e-n-accordion-item-title-icon'>\n\t\t\t<span class='e-opened' ><i aria-hidden=\"true\" class=\"vamtamtheme- vamtam-theme-minus\"><\/i><\/span>\n\t\t\t<span class='e-closed'><i aria-hidden=\"true\" class=\"vamtamtheme- vamtam-theme-plus\"><\/i><\/span>\n\t\t<\/span>\n\n\t\t\t\t\t\t<\/summary>\n\t\t\t\t<div role=\"region\" aria-labelledby=\"e-n-accordion-item-5342\" class=\"elementor-element elementor-element-342ea53 e-con-full e-flex e-con e-child\" data-id=\"342ea53\" data-element_type=\"container\">\n\t\t\t\t<div class=\"elementor-element elementor-element-d130547 elementor-widget elementor-widget-text-editor\" data-id=\"d130547\" data-element_type=\"widget\" data-widget_type=\"text-editor.default\">\n\t\t\t\t<div class=\"elementor-widget-container\">\n\t\t\t\t\t\t\t\t\t<p>Bitte liefern Sie eine PDF-Datei im CMYK-Farbraum mit den richtigen Beschnittr\u00e4ndern. Wenn das kompliziert erscheint, machen Sie sich keine Sorgen, wir helfen Ihnen gerne bei der Vorbereitung Ihrer Dateien oder \u00fcberpr\u00fcfen sie vor dem Druck.  <\/p>\t\t\t\t\t\t\t\t<\/div>\n\t\t\t\t<\/div>\n\t\t\t\t<\/div>\n\t\t\t\t\t<\/details>\n\t\t\t\t\t\t<details id=\"e-n-accordion-item-5343\" class=\"e-n-accordion-item\" >\n\t\t\t\t<summary class=\"e-n-accordion-item-title\" data-accordion-index=\"4\" tabindex=\"-1\" aria-expanded=\"false\" aria-controls=\"e-n-accordion-item-5343\" >\n\t\t\t\t\t<span class='e-n-accordion-item-title-header'><div class=\"e-n-accordion-item-title-text\"> Was sind Ihre Mindest- und H\u00f6chstauflagen? <\/div><\/span>\n\t\t\t\t\t\t\t<span class='e-n-accordion-item-title-icon'>\n\t\t\t<span class='e-opened' ><i aria-hidden=\"true\" class=\"vamtamtheme- vamtam-theme-minus\"><\/i><\/span>\n\t\t\t<span class='e-closed'><i aria-hidden=\"true\" class=\"vamtamtheme- vamtam-theme-plus\"><\/i><\/span>\n\t\t<\/span>\n\n\t\t\t\t\t\t<\/summary>\n\t\t\t\t<div role=\"region\" aria-labelledby=\"e-n-accordion-item-5343\" class=\"elementor-element elementor-element-710586e e-con-full e-flex e-con e-child\" data-id=\"710586e\" data-element_type=\"container\">\n\t\t\t\t<div class=\"elementor-element elementor-element-c226296 elementor-widget elementor-widget-text-editor\" data-id=\"c226296\" data-element_type=\"widget\" data-widget_type=\"text-editor.default\">\n\t\t\t\t<div class=\"elementor-widget-container\">\n\t\t\t\t\t\t\t\t\t<p>Wir drucken alles, von wenigen Exemplaren bis hin zu Gro\u00dfauflagen. Kein Auftrag ist uns zu klein oder zu gro\u00df. <\/p>\t\t\t\t\t\t\t\t<\/div>\n\t\t\t\t<\/div>\n\t\t\t\t<\/div>\n\t\t\t\t\t<\/details>\n\t\t\t\t\t\t<details id=\"e-n-accordion-item-5344\" class=\"e-n-accordion-item\" >\n\t\t\t\t<summary class=\"e-n-accordion-item-title\" data-accordion-index=\"5\" tabindex=\"-1\" aria-expanded=\"false\" aria-controls=\"e-n-accordion-item-5344\" >\n\t\t\t\t\t<span class='e-n-accordion-item-title-header'><div class=\"e-n-accordion-item-title-text\"> Welche Buchformate bieten Sie an? <\/div><\/span>\n\t\t\t\t\t\t\t<span class='e-n-accordion-item-title-icon'>\n\t\t\t<span class='e-opened' ><i aria-hidden=\"true\" class=\"vamtamtheme- vamtam-theme-minus\"><\/i><\/span>\n\t\t\t<span class='e-closed'><i aria-hidden=\"true\" class=\"vamtamtheme- vamtam-theme-plus\"><\/i><\/span>\n\t\t<\/span>\n\n\t\t\t\t\t\t<\/summary>\n\t\t\t\t<div role=\"region\" aria-labelledby=\"e-n-accordion-item-5344\" class=\"elementor-element elementor-element-2f1900d e-con-full e-flex e-con e-child\" data-id=\"2f1900d\" data-element_type=\"container\">\n\t\t\t\t<div class=\"elementor-element elementor-element-2a2f7f8 elementor-widget elementor-widget-text-editor\" data-id=\"2a2f7f8\" data-element_type=\"widget\" data-widget_type=\"text-editor.default\">\n\t\t\t\t<div class=\"elementor-widget-container\">\n\t\t\t\t\t\t\t\t\t<p>A5, B5 und A4 sind am beliebtesten. Ben\u00f6tigen Sie ein individuelles Format? Kein Problem.  <\/p>\t\t\t\t\t\t\t\t<\/div>\n\t\t\t\t<\/div>\n\t\t\t\t<\/div>\n\t\t\t\t\t<\/details>\n\t\t\t\t\t\t<details id=\"e-n-accordion-item-5345\" class=\"e-n-accordion-item\" >\n\t\t\t\t<summary class=\"e-n-accordion-item-title\" data-accordion-index=\"6\" tabindex=\"-1\" aria-expanded=\"false\" aria-controls=\"e-n-accordion-item-5345\" >\n\t\t\t\t\t<span class='e-n-accordion-item-title-header'><div class=\"e-n-accordion-item-title-text\"> Helfen Sie beim Design? <\/div><\/span>\n\t\t\t\t\t\t\t<span class='e-n-accordion-item-title-icon'>\n\t\t\t<span class='e-opened' ><i aria-hidden=\"true\" class=\"vamtamtheme- vamtam-theme-minus\"><\/i><\/span>\n\t\t\t<span class='e-closed'><i aria-hidden=\"true\" class=\"vamtamtheme- vamtam-theme-plus\"><\/i><\/span>\n\t\t<\/span>\n\n\t\t\t\t\t\t<\/summary>\n\t\t\t\t<div role=\"region\" aria-labelledby=\"e-n-accordion-item-5345\" class=\"elementor-element elementor-element-710a3ba e-con-full e-flex e-con e-child\" data-id=\"710a3ba\" data-element_type=\"container\">\n\t\t\t\t<div class=\"elementor-element elementor-element-af07de7 elementor-widget elementor-widget-text-editor\" data-id=\"af07de7\" data-element_type=\"widget\" data-widget_type=\"text-editor.default\">\n\t\t\t\t<div class=\"elementor-widget-container\">\n\t\t\t\t\t\t\t\t\t<p>Selbstverst\u00e4ndlich. Wir beraten Sie bei der grafischen Vorbereitung und den technischen Details, damit das Endprodukt genau Ihren Vorstellungen entspricht. <\/p>\t\t\t\t\t\t\t\t<\/div>\n\t\t\t\t<\/div>\n\t\t\t\t<\/div>\n\t\t\t\t\t<\/details>\n\t\t\t\t\t\t<details id=\"e-n-accordion-item-5346\" class=\"e-n-accordion-item\" >\n\t\t\t\t<summary class=\"e-n-accordion-item-title\" data-accordion-index=\"7\" tabindex=\"-1\" aria-expanded=\"false\" aria-controls=\"e-n-accordion-item-5346\" >\n\t\t\t\t\t<span class='e-n-accordion-item-title-header'><div class=\"e-n-accordion-item-title-text\"> Welche Papiersorten stehen zur Auswahl? <\/div><\/span>\n\t\t\t\t\t\t\t<span class='e-n-accordion-item-title-icon'>\n\t\t\t<span class='e-opened' ><i aria-hidden=\"true\" class=\"vamtamtheme- vamtam-theme-minus\"><\/i><\/span>\n\t\t\t<span class='e-closed'><i aria-hidden=\"true\" class=\"vamtamtheme- vamtam-theme-plus\"><\/i><\/span>\n\t\t<\/span>\n\n\t\t\t\t\t\t<\/summary>\n\t\t\t\t<div role=\"region\" aria-labelledby=\"e-n-accordion-item-5346\" class=\"elementor-element elementor-element-c131c1f e-con-full e-flex e-con e-child\" data-id=\"c131c1f\" data-element_type=\"container\">\n\t\t\t\t<div class=\"elementor-element elementor-element-3ca2bb5 elementor-widget elementor-widget-text-editor\" data-id=\"3ca2bb5\" data-element_type=\"widget\" data-widget_type=\"text-editor.default\">\n\t\t\t\t<div class=\"elementor-widget-container\">\n\t\t\t\t\t\t\t\t\t<p>Wir bieten eine gro\u00dfe Auswahl an Papiersorten von europ\u00e4ischen Lieferanten, von klassisch bis recycelt, matt oder gl\u00e4nzend, d\u00fcnn oder dick. Gemeinsam w\u00e4hlen wir das beste Papier f\u00fcr Ihr Projekt aus. <\/p>\t\t\t\t\t\t\t\t<\/div>\n\t\t\t\t<\/div>\n\t\t\t\t<\/div>\n\t\t\t\t\t<\/details>\n\t\t\t\t\t\t<details id=\"e-n-accordion-item-5347\" class=\"e-n-accordion-item\" >\n\t\t\t\t<summary class=\"e-n-accordion-item-title\" data-accordion-index=\"8\" tabindex=\"-1\" aria-expanded=\"false\" aria-controls=\"e-n-accordion-item-5347\" >\n\t\t\t\t\t<span class='e-n-accordion-item-title-header'><div class=\"e-n-accordion-item-title-text\"> Was ist die \u00fcbliche Produktionszeit? <\/div><\/span>\n\t\t\t\t\t\t\t<span class='e-n-accordion-item-title-icon'>\n\t\t\t<span class='e-opened' ><i aria-hidden=\"true\" class=\"vamtamtheme- vamtam-theme-minus\"><\/i><\/span>\n\t\t\t<span class='e-closed'><i aria-hidden=\"true\" class=\"vamtamtheme- vamtam-theme-plus\"><\/i><\/span>\n\t\t<\/span>\n\n\t\t\t\t\t\t<\/summary>\n\t\t\t\t<div role=\"region\" aria-labelledby=\"e-n-accordion-item-5347\" class=\"elementor-element elementor-element-b95190b e-con-full e-flex e-con e-child\" data-id=\"b95190b\" data-element_type=\"container\">\n\t\t\t\t<div class=\"elementor-element elementor-element-247f1a2 elementor-widget elementor-widget-text-editor\" data-id=\"247f1a2\" data-element_type=\"widget\" data-widget_type=\"text-editor.default\">\n\t\t\t\t<div class=\"elementor-widget-container\">\n\t\t\t\t\t\t\t\t\t<p>Die Produktionszeit h\u00e4ngt von der Auflage und der Komplexit\u00e4t des Projekts ab. Wir setzen realistische Fristen und halten diese ein. Haben Sie eine bestimmte Frist? Teilen Sie uns diese bitte im Voraus mit, damit wir entsprechend planen k\u00f6nnen.  <\/p>\t\t\t\t\t\t\t\t<\/div>\n\t\t\t\t<\/div>\n\t\t\t\t<\/div>\n\t\t\t\t\t<\/details>\n\t\t\t\t\t\t<details id=\"e-n-accordion-item-5348\" class=\"e-n-accordion-item\" >\n\t\t\t\t<summary class=\"e-n-accordion-item-title\" data-accordion-index=\"9\" tabindex=\"-1\" aria-expanded=\"false\" aria-controls=\"e-n-accordion-item-5348\" >\n\t\t\t\t\t<span class='e-n-accordion-item-title-header'><div class=\"e-n-accordion-item-title-text\"> Kann ich vor der vollst\u00e4ndigen Auflage einen Probedruck erhalten?  <\/div><\/span>\n\t\t\t\t\t\t\t<span class='e-n-accordion-item-title-icon'>\n\t\t\t<span class='e-opened' ><i aria-hidden=\"true\" class=\"vamtamtheme- vamtam-theme-minus\"><\/i><\/span>\n\t\t\t<span class='e-closed'><i aria-hidden=\"true\" class=\"vamtamtheme- vamtam-theme-plus\"><\/i><\/span>\n\t\t<\/span>\n\n\t\t\t\t\t\t<\/summary>\n\t\t\t\t<div role=\"region\" aria-labelledby=\"e-n-accordion-item-5348\" class=\"elementor-element elementor-element-4e94453 e-con-full e-flex e-con e-child\" data-id=\"4e94453\" data-element_type=\"container\">\n\t\t\t\t<div class=\"elementor-element elementor-element-7480ecf elementor-widget elementor-widget-text-editor\" data-id=\"7480ecf\" data-element_type=\"widget\" data-widget_type=\"text-editor.default\">\n\t\t\t\t<div class=\"elementor-widget-container\">\n\t\t\t\t\t\t\t\t\t<p>Immer. Wir erstellen Testexemplare, damit Sie das Papier, die Farben und die Gesamtqualit\u00e4t \u00fcberpr\u00fcfen k\u00f6nnen. Wenn Sie Ihr Projekt im Voraus sehen, k\u00f6nnen Sie sich vergewissern, dass der endg\u00fcltige Druck genau Ihren Vorstellungen entspricht.  <\/p>\t\t\t\t\t\t\t\t<\/div>\n\t\t\t\t<\/div>\n\t\t\t\t<\/div>\n\t\t\t\t\t<\/details>\n\t\t\t\t\t\t<details id=\"e-n-accordion-item-5349\" class=\"e-n-accordion-item\" >\n\t\t\t\t<summary class=\"e-n-accordion-item-title\" data-accordion-index=\"10\" tabindex=\"-1\" aria-expanded=\"false\" aria-controls=\"e-n-accordion-item-5349\" >\n\t\t\t\t\t<span class='e-n-accordion-item-title-header'><div class=\"e-n-accordion-item-title-text\"> \u00dcbernehmen Sie auch die Lieferung? <\/div><\/span>\n\t\t\t\t\t\t\t<span class='e-n-accordion-item-title-icon'>\n\t\t\t<span class='e-opened' ><i aria-hidden=\"true\" class=\"vamtamtheme- vamtam-theme-minus\"><\/i><\/span>\n\t\t\t<span class='e-closed'><i aria-hidden=\"true\" class=\"vamtamtheme- vamtam-theme-plus\"><\/i><\/span>\n\t\t<\/span>\n\n\t\t\t\t\t\t<\/summary>\n\t\t\t\t<div role=\"region\" aria-labelledby=\"e-n-accordion-item-5349\" class=\"elementor-element elementor-element-a451dc9 e-con-full e-flex e-con e-child\" data-id=\"a451dc9\" data-element_type=\"container\">\n\t\t\t\t<div class=\"elementor-element elementor-element-d3f1966 elementor-widget elementor-widget-text-editor\" data-id=\"d3f1966\" data-element_type=\"widget\" data-widget_type=\"text-editor.default\">\n\t\t\t\t<div class=\"elementor-widget-container\">\n\t\t\t\t\t\t\t\t\t<p>Ja. Sie k\u00f6nnen Ihre Bestellung pers\u00f6nlich abholen oder wir liefern sie sorgf\u00e4ltig verpackt, p\u00fcnktlich und mit gr\u00f6\u00dftm\u00f6glicher Vorsicht an die von Ihnen angegebene Adresse. <\/p>\t\t\t\t\t\t\t\t<\/div>\n\t\t\t\t<\/div>\n\t\t\t\t<\/div>\n\t\t\t\t\t<\/details>\n\t\t\t\t\t<\/div>\n\t\t\t\t\t\t<\/div>\n\t\t\t\t<\/div>\n\t\t\t\t<\/div>\n\t\t\t\t<\/div>\n\t\t\t\t<\/div>\n\t\t","protected":false},"excerpt":{"rendered":"<p>H\u00e4ufig gestellte Fragen<\/p>\n","protected":false},"author":1,"featured_media":0,"parent":0,"menu_order":0,"comment_status":"closed","ping_status":"closed","template":"","meta":{"_acf_changed":false,"footnotes":""},"class_list":["post-17879","page","type-page","status-publish","hentry"],"acf":[],"_links":{"self":[{"href":"https:\/\/florjancic.si\/de\/wp-json\/wp\/v2\/pages\/17879","targetHints":{"allow":["GET"]}}],"collection":[{"href":"https:\/\/florjancic.si\/de\/wp-json\/wp\/v2\/pages"}],"about":[{"href":"https:\/\/florjancic.si\/de\/wp-json\/wp\/v2\/types\/page"}],"author":[{"embeddable":true,"href":"https:\/\/florjancic.si\/de\/wp-json\/wp\/v2\/users\/1"}],"replies":[{"embeddable":true,"href":"https:\/\/florjancic.si\/de\/wp-json\/wp\/v2\/comments?post=17879"}],"version-history":[{"count":3,"href":"https:\/\/florjancic.si\/de\/wp-json\/wp\/v2\/pages\/17879\/revisions"}],"predecessor-version":[{"id":18194,"href":"https:\/\/florjancic.si\/de\/wp-json\/wp\/v2\/pages\/17879\/revisions\/18194"}],"wp:attachment":[{"href":"https:\/\/florjancic.si\/de\/wp-json\/wp\/v2\/media?parent=17879"}],"curies":[{"name":"wp","href":"https:\/\/api.w.org\/{rel}","templated":true}]}}